{"id":1779,"date":"2025-11-20T12:40:23","date_gmt":"2025-11-20T11:40:23","guid":{"rendered":"https:\/\/autoradarshop.com\/informativa-sulla-privacy\/"},"modified":"2025-12-12T10:26:39","modified_gmt":"2025-12-12T09:26:39","slug":"informativa-sulla-privacy","status":"publish","type":"page","link":"https:\/\/autoradarshop.com\/it\/informativa-sulla-privacy\/","title":{"rendered":"Informativa sulla privacy"},"content":{"rendered":"\n<p>Ultimo aggiornamento: novembre 2025.<\/p>\n\n<p><strong>1.<\/strong> <strong>INFORMAZIONI SULL&#8217;UTENTE<\/strong><\/p>\n\n<p><strong>BIGDREAM MOBILE, SL,<\/strong> in qualit\u00e0 di Responsabile dei Dati, vi informa che, in conformit\u00e0 con le disposizioni del Regolamento (UE) 2016\/679 del 27 aprile (GDPR) e nel L.O. 3\/2018 del 5 dicembre, sulla protezione dei dati e la garanzia dei diritti digitali (LOPDGDD), elaboreremo i vostri dati come indicato in questa Informativa sulla Privacy.<\/p>\n\n<p>In questa Informativa sulla Privacy descriviamo come raccogliamo i tuoi dati personali e perch\u00e9 li raccogliamo, cosa ne facciamo, con chi li condividiamo, come li proteggiamo e le tue scelte riguardo al trattamento dei tuoi dati personali.<\/p>\n\n<p>Questa Politica si applica al trattamento dei tuoi dati personali raccolti dall&#8217;azienda per la fornitura dei suoi servizi. Se accetti le misure contenute in questa Politica, accetti il trattamento dei tuoi dati personali come definito in questa Politica. <\/p>\n\n<p><strong>2. CONTATTO<\/strong><\/p>\n\n<p>Nome azienda: <strong><strong>BIGDREAM MOBILE, SL<\/strong><\/strong><\/p>\n\n<p>Nome commerciale: <strong>Auto Radar Shop<\/strong><\/p>\n\n<p>CIF: <strong>B88148549<\/strong><\/p>\n\n<p>Indirizzo: <strong>C\/ Motilla del Paancar, 13 Madrid 28043<\/strong><\/p>\n\n<p>E-mail: <strong>info@autoradarshop.com<\/strong><\/p>\n\n<p><strong>3. KEY PRINCIPI<\/strong><\/p>\n\n<p>Siamo sempre stati impegnati a fornire i nostri servizi con il massimo grado di qualit\u00e0, il che include il trattamento dei tuoi dati con sicurezza e trasparenza. I nostri principi sono: <\/p>\n\n<ul class=\"wp-block-list\">\n<li><strong>Legalit\u00e0<\/strong>: raccoglieremo i tuoi dati personali solo per scopi <a href=\"https:\/\/ceporros.com\/\">specifici,<\/a> espliciti e legittimi.<\/li>\n\n\n\n<li><strong>Minimizzazione dei dati<\/strong>: Limitiamo la raccolta di dati personali a ci\u00f2 che \u00e8 strettamente rilevante e necessario per gli scopi per cui sono stati raccolti.<\/li>\n\n\n\n<li><strong>Limitazione dello scopo<\/strong>: raccoglieremo i tuoi dati personali solo per gli scopi indicati e solo secondo le tue esigenze.<\/li>\n\n\n\n<li><strong>Accuratezza<\/strong>: manterremo i tuoi dati personali accurati e aggiornati.<\/li>\n\n\n\n<li><strong>Sicurezza dei dati<\/strong>: Implementiamo misure tecniche e organizzative appropriate proporzionate ai rischi per garantire che i tuoi dati non vengano danneggiati, come divulgazione o accesso non autorizzato, distruzione accidentale o illegale o perdita o alterazione accidentale e qualsiasi altra forma di trattamento illecito.<\/li>\n\n\n\n<li><strong>Accesso e rettifica<\/strong>: Abbiamo i mezzi per accedere o correggere i tuoi dati quando lo ritieni opportuno.<\/li>\n\n\n\n<li><strong>Conservazione<\/strong>: Conserviamo i tuoi dati personali in modo legale e appropriato e solo per il tempo necessario per gli scopi per cui sono stati raccolti.<\/li>\n\n\n\n<li><strong>Trasferimenti internazionali<\/strong>: dove i tuoi dati devono essere trasferiti al di fuori dell&#8217;UE\/SEE, saranno adeguatamente protetti.<\/li>\n\n\n\n<li><strong>Terze parti<\/strong>: L&#8217;accesso e il trasferimento dei dati personali a terzi avvengono in conformit\u00e0 con le leggi e i regolamenti applicabili e con le adeguate garanzie contrattuali.<\/li>\n\n\n\n<li><strong>Marketing diretto e cookie<\/strong>: Rispettiamo le leggi applicabili riguardanti pubblicit\u00e0 e cookie.<\/li>\n<\/ul>\n\n<p><strong>4. RACCOLTA E TRATTAMENTO DEI TUOI DATI PERSONALI<\/strong><\/p>\n\n<p>I tipi di dati che possono essere richiesti e trattati sono:<\/p>\n\n<ul class=\"wp-block-list\">\n<li>Dati di identificazione.<\/li>\n<\/ul>\n\n<p>Raccogliamo inoltre automaticamente i dati sulla tua visita al nostro sito web come descritto nella policy sui cookie.<\/p>\n\n<p>Ogni volta che richiederemo i tuoi dati personali, ti informeremo chiaramente quali dati personali raccogliamo e per quale scopo. In generale, raccogliamo e trattiamo i tuoi dati personali con lo scopo di: <\/p>\n\n<ul class=\"wp-block-list\">\n<li>Fornire informazioni, servizi, prodotti, informazioni rilevanti e notizie nel settore.<\/li>\n\n\n\n<li>Invio di comunicazioni.<\/li>\n<\/ul>\n\n<p><strong>5. LEGITTIMIT\u00c0<\/strong><\/p>\n\n<p>In conformit\u00e0 con le normative applicabili sulla protezione dei dati, i tuoi dati personali possono essere trattati a condizione che:<\/p>\n\n<ul class=\"wp-block-list\">\n<li>Ci hai dato il tuo consenso ai fini del trattamento. Naturalmente, puoi ritirare il tuo consenso in qualsiasi momento. <\/li>\n\n\n\n<li>Per richiesta.<\/li>\n\n\n\n<li>Perch\u00e9 c&#8217;\u00e8 un interesse legittimo che non \u00e8 compromesso dai tuoi diritti di privacy, come inviarti informazioni commerciali sia abbonandoti alla nostra newsletter sia con il tuo status di cliente.<\/li>\n\n\n\n<li>Se necessario per la fornitura di qualsiasi nostro servizio tramite un rapporto contrattuale tra voi e noi.<\/li>\n<\/ul>\n\n<p><strong>6. COMUNICAZIONE DI DATI PERSONALI<\/strong><\/p>\n\n<p>I dati possono essere comunicati a societ\u00e0 legate a <strong>TU EMPRESA, S.L.<\/strong> per la fornitura di vari servizi come Processori di Dati. La societ\u00e0 non effettuer\u00e0 alcuna cessione, se non per obbligo legale. <\/p>\n\n<p><strong>7. I TUOI DIRITTI<\/strong><\/p>\n\n<p>In relazione alla raccolta e al trattamento dei tuoi dati personali, puoi contattarci in qualsiasi momento per:<\/p>\n\n<ul class=\"wp-block-list\">\n<li>Accedi ai tuoi dati personali e a qualsiasi altra informazione indicata dall&#8217;Articolo 15.1 del GDPR.<\/li>\n\n\n\n<li>Correggi i tuoi dati personali che siano inaccurati o incompleti in conformit\u00e0 con l&#8217;Articolo 16 del GDPR.<\/li>\n\n\n\n<li>Elimina i tuoi dati personali in conformit\u00e0 con l&#8217;articolo 17 del GDPR.<\/li>\n\n\n\n<li>Limitare il trattamento dei tuoi dati personali in conformit\u00e0 con l&#8217;Articolo 18 del GDPR.<\/li>\n\n\n\n<li>Richiedi la portabilit\u00e0 dei tuoi dati in conformit\u00e0 con l&#8217;Articolo 20 del GDPR.<\/li>\n\n\n\n<li>Obietto al trattamento dei tuoi dati personali in conformit\u00e0 con l&#8217;Articolo 21 del GDPR.<\/li>\n<\/ul>\n\n<p>Se hai dato il tuo consenso per uno scopo specifico, hai il diritto di revocare il consenso dato in qualsiasi momento, senza compromettere la legalit\u00e0 del trattamento basato sul consenso precedente al ritiro dalle risorse umane.<\/p>\n\n<p>Puoi esercitare questi diritti inviando una comunicazione ragionata e accreditata a <strong>tuemail@tudominio.com<\/strong><\/p>\n\n<p>Hai inoltre il diritto di presentare un reclamo all&#8217;Autorit\u00e0 di Supervisione Competente (<a href=\"https:\/\/aepd.es\/\">www.aepd.es<\/a>) se ritieni che il trattamento non sia conforme alle normative vigenti.<\/p>\n\n<p><strong>8. INFORMAZIONI LEGALI<\/strong><\/p>\n\n<p>I requisiti di questa Politica integrano, e non sostituiscono, qualsiasi altro requisito vigente ai sensi della legge applicabile sulla protezione dei dati, che prevalga in ogni caso.<\/p>\n\n<p>Questa Politica \u00e8 soggetta a revisioni periodiche e pu\u00f2 essere modificata dalla Societ\u00e0 in qualsiasi momento. Quando ci\u00f2 accadr\u00e0, ti informeremo di eventuali cambiamenti e ti chiederemo di rileggere la versione pi\u00f9 recente della nostra Politica per confermare la tua accettazione. <\/p>\n","protected":false},"excerpt":{"rendered":"<p>Ultimo aggiornamento: novembre 2025. 1. INFORMAZIONI SULL&#8217;UTENTE BIGDREAM MOBILE, SL, in qualit\u00e0 di Responsabile dei Dati, vi informa che, in<\/p>\n","protected":false},"author":2,"featured_media":0,"parent":0,"menu_order":0,"comment_status":"closed","ping_status":"closed","template":"","meta":{"_seopress_robots_primary_cat":"","_seopress_titles_title":"","_seopress_titles_desc":"","_seopress_robots_index":"S\u00ec","footnotes":""},"class_list":["post-1779","page","type-page","status-publish","hentry"],"_links":{"self":[{"href":"https:\/\/autoradarshop.com\/it\/wp-json\/wp\/v2\/pages\/1779","targetHints":{"allow":["GET"]}}],"collection":[{"href":"https:\/\/autoradarshop.com\/it\/wp-json\/wp\/v2\/pages"}],"about":[{"href":"https:\/\/autoradarshop.com\/it\/wp-json\/wp\/v2\/types\/page"}],"author":[{"embeddable":true,"href":"https:\/\/autoradarshop.com\/it\/wp-json\/wp\/v2\/users\/2"}],"replies":[{"embeddable":true,"href":"https:\/\/autoradarshop.com\/it\/wp-json\/wp\/v2\/comments?post=1779"}],"version-history":[{"count":1,"href":"https:\/\/autoradarshop.com\/it\/wp-json\/wp\/v2\/pages\/1779\/revisions"}],"predecessor-version":[{"id":1781,"href":"https:\/\/autoradarshop.com\/it\/wp-json\/wp\/v2\/pages\/1779\/revisions\/1781"}],"wp:attachment":[{"href":"https:\/\/autoradarshop.com\/it\/wp-json\/wp\/v2\/media?parent=1779"}],"curies":[{"name":"wp","href":"https:\/\/api.w.org\/{rel}","templated":true}]}}