{"id":1775,"date":"2025-11-20T12:41:12","date_gmt":"2025-11-20T11:41:12","guid":{"rendered":"https:\/\/autoradarshop.com\/accessibilita\/"},"modified":"2025-12-12T10:26:34","modified_gmt":"2025-12-12T09:26:34","slug":"accessibilita","status":"publish","type":"page","link":"https:\/\/autoradarshop.com\/it\/accessibilita\/","title":{"rendered":"Accessibilit\u00e0"},"content":{"rendered":"\n<p><strong>1. INTRODUZIONE<\/strong><\/p>\n\n<p><strong><strong>BIGDREAM MOBILE, SL,<\/strong><\/strong> si \u00e8 impegnata a rendere accessibili il proprio sito web e la propria applicazione per dispositivi mobili, in conformit\u00e0 con il Decreto Reale 1112\/2018 del 7 settembre, sull&#8217;accessibilit\u00e0 di siti web e applicazioni per dispositivi mobili nel settore pubblico.<\/p>\n\n<p>Questa dichiarazione sull&#8217;accessibilit\u00e0 si applica <a href=\"https:\/\/autoradarshop.com\/it\/\"><strong>a https:\/\/autoradarshop.com\/<\/strong><\/a><\/p>\n\n<p><strong>2. RACCOMANDAZIONI PER L&#8217;ATTUAZIONE NEL CONTESTO NAZIONALE<\/strong><\/p>\n\n<p>La dichiarazione di accessibilit\u00e0 pu\u00f2 riferirsi a uno o pi\u00f9 siti web e\/o a una o pi\u00f9 applicazioni per dispositivi mobili, purch\u00e9 abbiano la stessa situazione di conformit\u00e0, gli stessi contenuti non accessibili e le stesse informazioni del resto della dichiarazione si applichino anch&#8217;essi a loro. Tuttavia, per chiarezza nella lettura e nell&#8217;interpretazione degli utenti, si raccomanda che ci sia una dichiarazione di accessibilit\u00e0 per ogni sito web o per ogni applicazione mobile. <\/p>\n\n<p>Indica l&#8217;ambito della dichiarazione elencando i link ai siti web e\/o alle applicazioni mobili a cui si applica. Nel caso delle applicazioni per dispositivi mobili, devono essere forniti i dati (sistema operativo, versione&#8230;) e la data della versione. <\/p>\n\n<p>Il riferimento alla &#8220;legislazione nazionale che traspone la Direttiva&#8221; \u00e8 il Royal<\/p>\n\n<p>Decreto 1112\/2018, del 7 settembre, sull&#8217;accessibilit\u00e0 di siti web e applicazioni per dispositivi mobili nel settore pubblico.<\/p>\n\n<p><strong>2.2. SITUAZIONE DI CONFORMIT\u00c0<\/strong><\/p>\n\n<p>Questo sito web \u00e8 parzialmente conforme ai requisiti di accessibilit\u00e0 per la non conformit\u00e0 ai seguenti aspetti:<\/p>\n\n<ul class=\"wp-block-list\">\n<li>Video di intestazione della homepage.<\/li>\n\n\n\n<li>Alcuni aspetti del modulo di contatto.<\/li>\n\n\n\n<li>Uso occasionale di colori con basso contrasto.<\/li>\n<\/ul>\n\n<p><strong>2.3. PREPARAZIONE DI QUESTA DICHIARAZIONE DI ACCESSIBILIT\u00c0<\/strong><\/p>\n\n<p>Questa dichiarazione \u00e8 stata preparata il 14\/03\/2023. un&#8217;autovalutazione condotta dall&#8217;ente del settore pubblico. <\/p>\n\n<p><strong>2.4. OSSERVAZIONI E CONTATTI<\/strong><\/p>\n\n<p>\u00c8 possibile comunicare sui requisiti di accessibilit\u00e0 (articolo 10.2.a) della RD 1112\/2018) ad esempio:<\/p>\n\n<ul class=\"wp-block-list\">\n<li>segnala qualsiasi possibile non conformit\u00e0 a questo sito web<\/li>\n\n\n\n<li>comunica altre difficolt\u00e0 nell&#8217;accesso ai contenuti<\/li>\n\n\n\n<li>Per qualsiasi altra domanda o suggerimento di miglioramento riguardo all&#8217;accessibilit\u00e0 del sito web tramite il seguente indirizzo email: <strong>info@autoradarshop.com<\/strong><\/li>\n<\/ul>\n\n<p>Puoi presentare la richiesta:<\/p>\n\n<ul class=\"wp-block-list\">\n<li>un reclamo riguardante il rispetto dei requisiti della RD 1112\/2018 o<\/li>\n\n\n\n<li>una Richiesta di Informazioni Accessibili riguardanti di:<\/li>\n\n\n\n<li>contenuti esclusi dall&#8217;ambito del RD 1112\/2018 come stabilito dall&#8217;Articolo 3, paragrafo 4<\/li>\n\n\n\n<li>contenuti esentati dalla conformit\u00e0 ai requisiti di accessibilit\u00e0 da<\/li>\n\n\n\n<li>imponere un onere sproporzionato.<\/li>\n<\/ul>\n\n<p>Nella Richiesta di Informazioni Accessibili, i fatti, le ragioni e la richiesta devono essere chiaramente specificati per verificare che si tratti di una richiesta ragionevole e legittima.<\/p>\n\n<p><strong>2.5. PROCEDURA DI CANDIDATURA<\/strong><\/p>\n\n<p>Se, una volta che \u00e8 stata presentata una richiesta di informazioni accessibili o un reclamo, essa \u00e8 stata respinta, la decisione adottata non \u00e8 d&#8217;accordo o la risposta non soddisfa i requisiti stabiliti nell&#8217;articolo 12.5, la parte interessata pu\u00f2 avviare un reclamo. Un reclamo pu\u00f2 essere avviato anche nel caso in cui il periodo di venti giorni lavorativi sia trascorso senza ricevere risposta. <\/p>\n\n<p>La richiesta pu\u00f2 essere presentata tramite l&#8217;Istanza Generica dell&#8217;Ufficio Elettronico del Ministero degli Affari Economici e della Trasformazione Digitale, cos\u00ec come nelle altre opzioni incluse nella Legge 39\/2015, del 1\u00b0 ottobre, in<\/p>\n\n<p>Procedura amministrativa comune delle amministrazioni pubbliche.<\/p>\n","protected":false},"excerpt":{"rendered":"<p>1. INTRODUZIONE BIGDREAM MOBILE, SL, si \u00e8 impegnata a rendere accessibili il proprio sito web e la propria applicazione per<\/p>\n","protected":false},"author":2,"featured_media":0,"parent":0,"menu_order":0,"comment_status":"closed","ping_status":"closed","template":"","meta":{"_seopress_robots_primary_cat":"","_seopress_titles_title":"","_seopress_titles_desc":"","_seopress_robots_index":"S\u00ec","footnotes":""},"class_list":["post-1775","page","type-page","status-publish","hentry"],"_links":{"self":[{"href":"https:\/\/autoradarshop.com\/it\/wp-json\/wp\/v2\/pages\/1775","targetHints":{"allow":["GET"]}}],"collection":[{"href":"https:\/\/autoradarshop.com\/it\/wp-json\/wp\/v2\/pages"}],"about":[{"href":"https:\/\/autoradarshop.com\/it\/wp-json\/wp\/v2\/types\/page"}],"author":[{"embeddable":true,"href":"https:\/\/autoradarshop.com\/it\/wp-json\/wp\/v2\/users\/2"}],"replies":[{"embeddable":true,"href":"https:\/\/autoradarshop.com\/it\/wp-json\/wp\/v2\/comments?post=1775"}],"version-history":[{"count":1,"href":"https:\/\/autoradarshop.com\/it\/wp-json\/wp\/v2\/pages\/1775\/revisions"}],"predecessor-version":[{"id":1777,"href":"https:\/\/autoradarshop.com\/it\/wp-json\/wp\/v2\/pages\/1775\/revisions\/1777"}],"wp:attachment":[{"href":"https:\/\/autoradarshop.com\/it\/wp-json\/wp\/v2\/media?parent=1775"}],"curies":[{"name":"wp","href":"https:\/\/api.w.org\/{rel}","templated":true}]}}