{"id":1772,"date":"2025-10-16T14:51:25","date_gmt":"2025-10-16T12:51:25","guid":{"rendered":"https:\/\/autoradarshop.com\/chi-siamo\/"},"modified":"2025-12-12T10:26:34","modified_gmt":"2025-12-12T09:26:34","slug":"chi-siamo","status":"publish","type":"page","link":"https:\/\/autoradarshop.com\/it\/chi-siamo\/","title":{"rendered":"Chi Siamo"},"content":{"rendered":"\t\t<div data-elementor-type=\"wp-page\" data-elementor-id=\"1772\" class=\"elementor elementor-1772 elementor-29\" data-elementor-post-type=\"page\">\n\t\t\t\t<div class=\"elementor-element elementor-element-bbb8f88 wd-section-stretch e-flex e-con-boxed e-con e-parent\" data-id=\"bbb8f88\" data-element_type=\"container\" data-e-type=\"container\" data-settings=\"{&quot;background_background&quot;:&quot;classic&quot;}\">\n\t\t\t\t\t<div class=\"e-con-inner\">\n\t\t\t\t<div class=\"elementor-element elementor-element-d43f1dd text-center wd-el-breadcrumbs elementor-widget elementor-widget-wd_element_breadcrumbs\" data-id=\"d43f1dd\" data-element_type=\"widget\" data-e-type=\"widget\" data-widget_type=\"wd_element_breadcrumbs.default\">\n\t\t\t\t<div class=\"elementor-widget-container\">\n\t\t\t\t\t<nav class=\"wd-breadcrumbs\"><a href=\"https:\/\/autoradarshop.com\/it\/\">Casa<\/a><span class=\"wd-delimiter\"><\/span><span class=\"wd-last\">Pagina<\/span><\/nav>\t\t\t\t<\/div>\n\t\t\t\t<\/div>\n\t\t\t\t<div class=\"elementor-element elementor-element-728fc05 wd-width-100 elementor-widget elementor-widget-wd_title\" data-id=\"728fc05\" data-element_type=\"widget\" data-e-type=\"widget\" data-widget_type=\"wd_title.default\">\n\t\t\t\t<div class=\"elementor-widget-container\">\n\t\t\t\t\t\t\t<div class=\"title-wrapper wd-set-mb reset-last-child wd-title-color-default wd-title-style-default wd-title-size-default text-center\">\n\n\t\t\t\n\t\t\t<div class=\"liner-continer\">\n\t\t\t\t<h4 class=\"woodmart-title-container title wd-fontsize-l\">Chi siamo<\/h4> \n\t\t\t\t\t\t\t<\/div>\n\n\t\t\t\t\t<\/div>\n\t\t\t\t\t\t<\/div>\n\t\t\t\t<\/div>\n\t\t\t\t<div class=\"elementor-element elementor-element-1940ddf elementor-widget elementor-widget-wd_text_block\" data-id=\"1940ddf\" data-element_type=\"widget\" data-e-type=\"widget\" data-widget_type=\"wd_text_block.default\">\n\t\t\t\t<div class=\"elementor-widget-container\">\n\t\t\t\t\t\t\t<div class=\"wd-text-block reset-last-child text-center\">\n\t\t\t\n\t\t\t<p><b>Da Auto Radar Shop<\/b> siamo un team appassionato di tecnologia e sicurezza stradale. Il nostro progetto \u00e8 nato con un obiettivo chiaro: aiutare gli automobilisti a viaggiare con maggiore tranquillit\u00e0, offrendo strumenti affidabili e prodotti di qualit\u00e0 per la vita quotidiana su strada. <\/p><p>Siamo i creatori delle <b>\"Fixed and Mobile Speed Terms\",<\/b> una delle applicazioni di avviso di autovelox pi\u00f9 complete sul mercato, progettata per tenerti sempre informato su controlli di velocit\u00e0, incidenti e punti caldi del traffico.<\/p>\n\t\t\t\t\t<\/div>\n\t\t\t\t\t\t<\/div>\n\t\t\t\t<\/div>\n\t\t\t\t\t<\/div>\n\t\t\t\t<\/div>\n\t\t<div class=\"wd-negative-gap elementor-element elementor-element-d4eb983 e-flex e-con-boxed e-con e-parent\" data-id=\"d4eb983\" data-element_type=\"container\" data-e-type=\"container\">\n\t\t\t\t\t<div class=\"e-con-inner\">\n\t\t<div class=\"elementor-element elementor-element-eb94ee1 e-con-full e-flex e-con e-child\" data-id=\"eb94ee1\" data-element_type=\"container\" data-e-type=\"container\">\n\t\t\t\t<div class=\"elementor-element elementor-element-e12252b elementor-widget elementor-widget-wd_infobox\" data-id=\"e12252b\" data-element_type=\"widget\" data-e-type=\"widget\" data-widget_type=\"wd_infobox.default\">\n\t\t\t\t<div class=\"elementor-widget-container\">\n\t\t\t\t\t\t\t<div class=\"info-box-wrapper\">\n\t\t\t<div class=\"wd-info-box text-center box-icon-align-top box-style-base color-scheme-\">\n\t\t\t\t\n\t\t\t\t<div class=\"info-box-content\">\n\t\t\t\t\t\n\t\t\t\t\t\t\t\t\t\t\t<h4\t\t\t\t\t\tclass=\"info-box-title title box-title-style-default wd-fontsize-m\" data-elementor-setting-key=\"title\">\n\t\t\t\t\t\t\t\tLa nostra missione\t\t\t\t\t\t<\/h4>\n\t\t\t\t\t\n\t\t\t\t\t<div class=\"info-box-inner reset-last-child\"data-elementor-setting-key=\"content\"><p>Offrire ai guidatori prodotti affidabili, soluzioni tecnologiche e un'esperienza di acquisto sicura e accessibile.<\/p>\n<\/div>\n\n\t\t\t\t\t\t\t\t\t<\/div>\n\n\t\t\t\t\t\t\t<\/div>\n\t\t<\/div>\n\t\t\t\t\t\t<\/div>\n\t\t\t\t<\/div>\n\t\t\t\t<\/div>\n\t\t<div class=\"elementor-element elementor-element-b489557 e-con-full e-flex e-con e-child\" data-id=\"b489557\" data-element_type=\"container\" data-e-type=\"container\">\n\t\t\t\t<div class=\"elementor-element elementor-element-fd19ae4 elementor-widget elementor-widget-wd_infobox\" data-id=\"fd19ae4\" data-element_type=\"widget\" data-e-type=\"widget\" data-widget_type=\"wd_infobox.default\">\n\t\t\t\t<div class=\"elementor-widget-container\">\n\t\t\t\t\t\t\t<div class=\"info-box-wrapper\">\n\t\t\t<div class=\"wd-info-box text-center box-icon-align-top box-style-base color-scheme-\">\n\t\t\t\t\n\t\t\t\t<div class=\"info-box-content\">\n\t\t\t\t\t\n\t\t\t\t\t\t\t\t\t\t\t<h4\t\t\t\t\t\tclass=\"info-box-title title box-title-style-default wd-fontsize-m\" data-elementor-setting-key=\"title\">\n\t\t\t\t\t\t\t\tLa nostra visione\t\t\t\t\t\t<\/h4>\n\t\t\t\t\t\n\t\t\t\t\t<div class=\"info-box-inner reset-last-child\"data-elementor-setting-key=\"content\"><p>Essere il riferimento online per chi vuole migliorare la propria guida con prodotti di alta qualit\u00e0 e un'app radar efficace e aggiornata.<\/p>\n<\/div>\n\n\t\t\t\t\t\t\t\t\t<\/div>\n\n\t\t\t\t\t\t\t<\/div>\n\t\t<\/div>\n\t\t\t\t\t\t<\/div>\n\t\t\t\t<\/div>\n\t\t\t\t<\/div>\n\t\t<div class=\"elementor-element elementor-element-c6e50d2 e-con-full e-flex e-con e-child\" data-id=\"c6e50d2\" data-element_type=\"container\" data-e-type=\"container\">\n\t\t\t\t<div class=\"elementor-element elementor-element-b07bd36 elementor-widget elementor-widget-wd_infobox\" data-id=\"b07bd36\" data-element_type=\"widget\" data-e-type=\"widget\" data-widget_type=\"wd_infobox.default\">\n\t\t\t\t<div class=\"elementor-widget-container\">\n\t\t\t\t\t\t\t<div class=\"info-box-wrapper\">\n\t\t\t<div class=\"wd-info-box text-center box-icon-align-top box-style-base color-scheme-\">\n\t\t\t\t\n\t\t\t\t<div class=\"info-box-content\">\n\t\t\t\t\t\n\t\t\t\t\t\t\t\t\t\t\t<h4\t\t\t\t\t\tclass=\"info-box-title title box-title-style-default wd-fontsize-m\" data-elementor-setting-key=\"title\">\n\t\t\t\t\t\t\t\tI nostri valori\t\t\t\t\t\t<\/h4>\n\t\t\t\t\t\n\t\t\t\t\t<div class=\"info-box-inner reset-last-child\"data-elementor-setting-key=\"content\"><p>Offriamo prodotti di qualit\u00e0, attenzione e innovazione costante per rendere la tua guida pi\u00f9 sicura e tranquilla.<\/p>\n<\/div>\n\n\t\t\t\t\t\t\t\t\t<\/div>\n\n\t\t\t\t\t\t\t<\/div>\n\t\t<\/div>\n\t\t\t\t\t\t<\/div>\n\t\t\t\t<\/div>\n\t\t\t\t<\/div>\n\t\t\t\t\t<\/div>\n\t\t\t\t<\/div>\n\t\t<div class=\"wd-negative-gap elementor-element elementor-element-d072cdf wd-section-stretch e-flex e-con-boxed e-con e-parent\" data-id=\"d072cdf\" data-element_type=\"container\" data-e-type=\"container\" data-settings=\"{&quot;background_background&quot;:&quot;classic&quot;}\">\n\t\t\t\t\t<div class=\"e-con-inner\">\n\t\t\t\t<div class=\"elementor-element elementor-element-428f0ef elementor-widget elementor-widget-wd_text_block\" data-id=\"428f0ef\" data-element_type=\"widget\" data-e-type=\"widget\" data-widget_type=\"wd_text_block.default\">\n\t\t\t\t<div class=\"elementor-widget-container\">\n\t\t\t\t\t\t\t<div class=\"wd-text-block reset-last-child text-center color-scheme-light\">\n\t\t\t\n\t\t\t<p>Col tempo abbiamo ampliato la nostra visione costruendo un <b>negozio online specializzato in prodotti automobilistici e accessori per auto<\/b>, selezionato con cura per migliorare il comfort, la sicurezza e le prestazioni del tuo veicolo. Dai gadget indispensabili alle attrezzature pratiche, il nostro catalogo \u00e8 pensato per automobilisti esigenti in cerca di qualit\u00e0 e buon prezzo. <\/p><p>Inoltre, completiamo la nostra proposta con un <b>blog dedicato al mondo dell'automobilismo<\/b>, dove condividiamo consigli, guide, notizie, confronti e contenuti utili affinch\u00e9 tu possa goderti ogni chilometro al massimo dei tuoi gusti.<\/p>\n\t\t\t\t\t<\/div>\n\t\t\t\t\t\t<\/div>\n\t\t\t\t<\/div>\n\t\t\t\t\t<\/div>\n\t\t\t\t<\/div>\n\t\t<div class=\"wd-negative-gap elementor-element elementor-element-954141e e-flex e-con-boxed e-con e-parent\" data-id=\"954141e\" data-element_type=\"container\" data-e-type=\"container\">\n\t\t\t\t\t<div class=\"e-con-inner\">\n\t\t\t\t<div class=\"elementor-element elementor-element-3d1e044 wd-width-100 elementor-widget elementor-widget-wd_title\" data-id=\"3d1e044\" data-element_type=\"widget\" data-e-type=\"widget\" data-widget_type=\"wd_title.default\">\n\t\t\t\t<div class=\"elementor-widget-container\">\n\t\t\t\t\t\t\t<div class=\"title-wrapper wd-set-mb reset-last-child wd-title-color-default wd-title-style-default wd-title-size-default text-center\">\n\n\t\t\t\n\t\t\t<div class=\"liner-continer\">\n\t\t\t\t<h4 class=\"woodmart-title-container title wd-fontsize-l\">Cosa dicono i nostri clienti<\/h4> \n\t\t\t\t\t\t\t<\/div>\n\n\t\t\t\t\t\t\t<div class=\"title-after_title reset-last-child wd-fontsize-xs\">\n\t\t\t\t\t<p>Le loro esperienze parlano per noi. Scopri come i nostri prodotti e servizi hanno migliorato la guida per migliaia di utenti. <\/p>\t\t\t\t<\/div>\n\t\t\t\t\t<\/div>\n\t\t\t\t\t\t<\/div>\n\t\t\t\t<\/div>\n\t\t\t\t<div class=\"elementor-element elementor-element-44ed4bf elementor-widget elementor-widget-wd_testimonials\" data-id=\"44ed4bf\" data-element_type=\"widget\" data-e-type=\"widget\" data-widget_type=\"wd_testimonials.default\">\n\t\t\t\t<div class=\"elementor-widget-container\">\n\t\t\t\t\t\t\t<div class=\"testimonials testimon-style-boxed wd-fontsize-s color-scheme- testimon-with-rating testimon-align-left wd-carousel-container\" id=\"carousel-9620\">\n\t\t\t\t\t\t\t<div class=\"wd-carousel-inner\">\n\t\t\t\n\t\t\t<div class=\"wd-carousel wd-grid\" data-scroll_per_page=\"yes\" style=\"--wd-col-lg:3;--wd-col-md:2;--wd-col-sm:1;--wd-gap-lg:20px;--wd-gap-sm:10px;\">\n\t\t\t\t\t\t\t\t\t<div class=\"wd-carousel-wrap\">\n\t\t\t\t\n\t\t\t\t\t\t\t\t\t\n<div class=\"testimonial wd-carousel-item\">\n\t<div class=\"testimonial-inner\">\n\t\t\n\t\t<div class=\"testimonial-content\">\n\t\t\t<div class=\"testimonial-rating\">\n\t\t\t\t<span class=\"star-rating\">\n\t\t\t\t\t<span style=\"width:100%\"><\/span>\n\t\t\t\t<\/span>\n\t\t\t<\/div>\n\n\t\t\t<p>Questa app \u00e8 molto utile, la uso ogni volta che salgo in macchina, mi dice dove sono le cose e dove sono tutte le fotocamere e tutto va bene.<\/p>\n\t\t\t<footer>\n\t\t\t\tQuesta app \u00e8 fantastica\n\t\t\t\t\t\t\t\t\t<span>\n\t\t\t\t\t\tArco di Humyer\t\t\t\t\t<\/span>\n\t\t\t\t\t\t\t<\/footer>\n\t\t<\/div>\n\t<\/div>\n<\/div>\t\t\t\t\t\t\t\t\t\n<div class=\"testimonial wd-carousel-item\">\n\t<div class=\"testimonial-inner\">\n\t\t\n\t\t<div class=\"testimonial-content\">\n\t\t\t<div class=\"testimonial-rating\">\n\t\t\t\t<span class=\"star-rating\">\n\t\t\t\t\t<span style=\"width:100%\"><\/span>\n\t\t\t\t<\/span>\n\t\t\t<\/div>\n\n\t\t\t<p>Consegno cibo e a volte ho fretta. Questa app mi ricorda di rallentare e mi dice dove stare pi\u00f9 attento. In generale, mi piace questa app e la consiglio.  <\/p>\n\t\t\t<footer>\n\t\t\t\tOttima app\n\t\t\t\t\t\t\t\t\t<span>\n\t\t\t\t\t\tbionda31345\t\t\t\t\t<\/span>\n\t\t\t\t\t\t\t<\/footer>\n\t\t<\/div>\n\t<\/div>\n<\/div>\t\t\t\t\t\t\t\t\t\n<div class=\"testimonial wd-carousel-item\">\n\t<div class=\"testimonial-inner\">\n\t\t\n\t\t<div class=\"testimonial-content\">\n\t\t\t<div class=\"testimonial-rating\">\n\t\t\t\t<span class=\"star-rating\">\n\t\t\t\t\t<span style=\"width:100%\"><\/span>\n\t\t\t\t<\/span>\n\t\t\t<\/div>\n\n\t\t\t<p>L'ho provata oggi ed \u00e8 fenomenale<\/p>\n\t\t\t<footer>\n\t\t\t\tFantastico\n\t\t\t\t\t\t\t\t\t<span>\n\t\t\t\t\t\tEnrique Pastor\t\t\t\t\t<\/span>\n\t\t\t\t\t\t\t<\/footer>\n\t\t<\/div>\n\t<\/div>\n<\/div>\t\t\t\t\t\t\t\t\t\n<div class=\"testimonial wd-carousel-item\">\n\t<div class=\"testimonial-inner\">\n\t\t\n\t\t<div class=\"testimonial-content\">\n\t\t\t<div class=\"testimonial-rating\">\n\t\t\t\t<span class=\"star-rating\">\n\t\t\t\t\t<span style=\"width:100%\"><\/span>\n\t\t\t\t<\/span>\n\t\t\t<\/div>\n\n\t\t\t<p>\u00c8 un'applicazione molto pratica per i guidatori e affidabile.<\/p>\n\t\t\t<footer>\n\t\t\t\tApplicazione pratica\n\t\t\t\t\t\t\t\t\t<span>\n\t\t\t\t\t\tFernando L\u00f3pez\t\t\t\t\t<\/span>\n\t\t\t\t\t\t\t<\/footer>\n\t\t<\/div>\n\t<\/div>\n<\/div>\t\t\t\t\t\t\t\t\t\n<div class=\"testimonial wd-carousel-item\">\n\t<div class=\"testimonial-inner\">\n\t\t\n\t\t<div class=\"testimonial-content\">\n\t\t\t<div class=\"testimonial-rating\">\n\t\t\t\t<span class=\"star-rating\">\n\t\t\t\t\t<span style=\"width:100%\"><\/span>\n\t\t\t\t<\/span>\n\t\t\t<\/div>\n\n\t\t\t<p>La parte migliore \u00e8 che pu\u00f2 essere usato mentre si naviga con Google Maps<\/p>\n\t\t\t<footer>\n\t\t\t\tAffidabile APP\n\t\t\t\t\t\t\t\t\t<span>\n\t\t\t\t\t\tLuigi\t\t\t\t\t<\/span>\n\t\t\t\t\t\t\t<\/footer>\n\t\t<\/div>\n\t<\/div>\n<\/div>\t\t\t\t\n\t\t\t\t\t\t\t\t\t<\/div>\n\t\t\t\t\t\t\t<\/div>\n\t\t\t\t\t\t\t\t\t\t\t\t\t\t<div class=\"wd-nav-arrows wd-pos-sep wd-hover-1 wd-icon-1\">\n\t\t\t<div class=\"wd-btn-arrow wd-prev wd-disabled\">\n\t\t\t\t<div class=\"wd-arrow-inner\"><\/div>\n\t\t\t<\/div>\n\t\t\t<div class=\"wd-btn-arrow wd-next\">\n\t\t\t\t<div class=\"wd-arrow-inner\"><\/div>\n\t\t\t<\/div>\n\t\t<\/div>\n\t\t\t\t\t\t\n\t\t\t\t<\/div>\n\n\t\t\t\t\t\t\t\t\t\t\t\t\t<\/div>\n\t\t\t\t\t\t<\/div>\n\t\t\t\t<\/div>\n\t\t\t\t\t<\/div>\n\t\t\t\t<\/div>\n\t\t\t\t<\/div>\n\t\t","protected":false},"excerpt":{"rendered":"<p>Inicio Chi siamo Da Auto Radar Shop siamo un team appassionato di tecnologia e sicurezza stradale. Il nostro progetto \u00e8<\/p>\n","protected":false},"author":2,"featured_media":0,"parent":0,"menu_order":0,"comment_status":"closed","ping_status":"closed","template":"","meta":{"_seopress_robots_primary_cat":"","_seopress_titles_title":"Notizie elettroniche per le auto","_seopress_titles_desc":"","_seopress_robots_index":"","footnotes":""},"class_list":["post-1772","page","type-page","status-publish","hentry"],"_links":{"self":[{"href":"https:\/\/autoradarshop.com\/it\/wp-json\/wp\/v2\/pages\/1772","targetHints":{"allow":["GET"]}}],"collection":[{"href":"https:\/\/autoradarshop.com\/it\/wp-json\/wp\/v2\/pages"}],"about":[{"href":"https:\/\/autoradarshop.com\/it\/wp-json\/wp\/v2\/types\/page"}],"author":[{"embeddable":true,"href":"https:\/\/autoradarshop.com\/it\/wp-json\/wp\/v2\/users\/2"}],"replies":[{"embeddable":true,"href":"https:\/\/autoradarshop.com\/it\/wp-json\/wp\/v2\/comments?post=1772"}],"version-history":[{"count":1,"href":"https:\/\/autoradarshop.com\/it\/wp-json\/wp\/v2\/pages\/1772\/revisions"}],"predecessor-version":[{"id":1776,"href":"https:\/\/autoradarshop.com\/it\/wp-json\/wp\/v2\/pages\/1772\/revisions\/1776"}],"wp:attachment":[{"href":"https:\/\/autoradarshop.com\/it\/wp-json\/wp\/v2\/media?parent=1772"}],"curies":[{"name":"wp","href":"https:\/\/api.w.org\/{rel}","templated":true}]}}